{"id":1526,"date":"2024-05-17T14:21:59","date_gmt":"2024-05-17T14:21:59","guid":{"rendered":"https:\/\/sarmenti.cambia-marketing.it\/?page_id=1526"},"modified":"2024-06-27T08:36:04","modified_gmt":"2024-06-27T08:36:04","slug":"innoveating","status":"publish","type":"page","link":"https:\/\/molino49.com\/en\/innoveating\/","title":{"rendered":"Innoveating"},"content":{"rendered":"<div data-elementor-type=\"wp-page\" data-elementor-id=\"1526\" class=\"elementor elementor-1526\" data-elementor-post-type=\"page\">\n\t\t\t\t<div class=\"elementor-element elementor-element-7b3d2a8 e-con-full e-flex e-con e-parent\" data-id=\"7b3d2a8\" data-element_type=\"container\">\n\t\t<div class=\"elementor-element elementor-element-4258660 e-con-full e-flex e-con e-child\" data-id=\"4258660\" data-element_type=\"container\">\n\t\t\t\t<div class=\"elementor-element elementor-element-a2ba373 elementor-widget elementor-widget-heading\" data-id=\"a2ba373\" data-element_type=\"widget\" data-widget_type=\"heading.default\">\n\t\t\t\t<div class=\"elementor-widget-container\">\n\t\t\t<style>\/*! elementor - v3.22.0 - 26-06-2024 *\/\n.elementor-heading-title{padding:0;margin:0;line-height:1}.elementor-widget-heading .elementor-heading-title[class*=elementor-size-]>a{color:inherit;font-size:inherit;line-height:inherit}.elementor-widget-heading .elementor-heading-title.elementor-size-small{font-size:15px}.elementor-widget-heading .elementor-heading-title.elementor-size-medium{font-size:19px}.elementor-widget-heading .elementor-heading-title.elementor-size-large{font-size:29px}.elementor-widget-heading .elementor-heading-title.elementor-size-xl{font-size:39px}.elementor-widget-heading .elementor-heading-title.elementor-size-xxl{font-size:59px}<\/style><h2 class=\"elementor-heading-title elementor-size-default\">InnovEating\u00ae<\/h2>\t\t<\/div>\n\t\t\t\t<\/div>\n\t\t\t\t<div class=\"elementor-element elementor-element-caebec5 elementor-widget elementor-widget-heading\" data-id=\"caebec5\" data-element_type=\"widget\" data-widget_type=\"heading.default\">\n\t\t\t\t<div class=\"elementor-widget-container\">\n\t\t\t<h2 class=\"elementor-heading-title elementor-size-default\">We believe in the circular economy by exploiting 99% of raw material<\/h2>\t\t<\/div>\n\t\t\t\t<\/div>\n\t\t\t\t<\/div>\n\t\t\t\t<\/div>\n\t\t<div class=\"elementor-element elementor-element-87b1f3e e-con-full e-flex e-con e-parent\" data-id=\"87b1f3e\" data-element_type=\"container\" data-settings=\"{&quot;background_background&quot;:&quot;classic&quot;}\">\n\t\t<div class=\"elementor-element elementor-element-110298e e-con-full e-flex e-con e-child\" data-id=\"110298e\" data-element_type=\"container\" data-settings=\"{&quot;background_background&quot;:&quot;classic&quot;}\">\n\t\t\t\t<\/div>\n\t\t\t\t<\/div>\n\t\t<div class=\"elementor-element elementor-element-4e033f4 e-con-full e-flex e-con e-parent\" data-id=\"4e033f4\" data-element_type=\"container\">\n\t\t<div class=\"elementor-element elementor-element-3f105ba e-con-full e-flex e-con e-child\" data-id=\"3f105ba\" data-element_type=\"container\">\n\t\t<div class=\"elementor-element elementor-element-551b1a4 e-con-full e-flex e-con e-child\" data-id=\"551b1a4\" data-element_type=\"container\">\n\t\t\t\t<div class=\"elementor-element elementor-element-8cdd5fc elementor-widget elementor-widget-heading\" data-id=\"8cdd5fc\" data-element_type=\"widget\" data-widget_type=\"heading.default\">\n\t\t\t\t<div class=\"elementor-widget-container\">\n\t\t\t<h2 class=\"elementor-heading-title elementor-size-default\">Process of transformation and<br>processing<\/h2>\t\t<\/div>\n\t\t\t\t<\/div>\n\t\t\t\t<\/div>\n\t\t<div class=\"elementor-element elementor-element-bd24fec e-con-full e-flex e-con e-child\" data-id=\"bd24fec\" data-element_type=\"container\">\n\t\t\t\t<div class=\"elementor-element elementor-element-9508af4 elementor-widget elementor-widget-text-editor\" data-id=\"9508af4\" data-element_type=\"widget\" data-widget_type=\"text-editor.default\">\n\t\t\t\t<div class=\"elementor-widget-container\">\n\t\t\t<style>\/*! elementor - v3.22.0 - 26-06-2024 *\/\n.elementor-widget-text-editor.elementor-drop-cap-view-stacked .elementor-drop-cap{background-color:#69727d;color:#fff}.elementor-widget-text-editor.elementor-drop-cap-view-framed .elementor-drop-cap{color:#69727d;border:3px solid;background-color:transparent}.elementor-widget-text-editor:not(.elementor-drop-cap-view-default) .elementor-drop-cap{margin-top:8px}.elementor-widget-text-editor:not(.elementor-drop-cap-view-default) .elementor-drop-cap-letter{width:1em;height:1em}.elementor-widget-text-editor .elementor-drop-cap{float:left;text-align:center;line-height:1;font-size:50px}.elementor-widget-text-editor .elementor-drop-cap-letter{display:inline-block}<\/style>\t\t\t\tWe believe in the circular economy by exploiting 99% of the raw material thanks to the advanced technology of our equipment, which allows us to change the consistency while maintaining the organoleptic properties.<\/p>\t\t\t\t\t\t<\/div>\n\t\t\t\t<\/div>\n\t\t\t\t<\/div>\n\t\t\t\t<\/div>\n\t\t\t\t<\/div>\n\t\t<div class=\"elementor-element elementor-element-829ae45 e-con-full e-flex e-con e-parent\" data-id=\"829ae45\" data-element_type=\"container\">\n\t\t<div class=\"elementor-element elementor-element-4f8619b e-con-full e-flex e-con e-child\" data-id=\"4f8619b\" data-element_type=\"container\">\n\t\t\t\t<div class=\"elementor-element elementor-element-c4ed3e1 elementor-view-default elementor-widget elementor-widget-icon\" data-id=\"c4ed3e1\" data-element_type=\"widget\" data-widget_type=\"icon.default\">\n\t\t\t\t<div class=\"elementor-widget-container\">\n\t\t\t\t\t<div class=\"elementor-icon-wrapper\">\n\t\t\t<div class=\"elementor-icon\">\n\t\t\t<svg xmlns=\"http:\/\/www.w3.org\/2000\/svg\" width=\"58.621\" height=\"47.268\" viewbox=\"0 0 58.621 47.268\"><g id=\"Group_3_\" data-name=\"Group (3)\" transform=\"translate(0)\"><path id=\"Tracciato_85\" data-name=\"Tracciato 85\" d=\"M118.637,34.206A13.065,13.065,0,1,0,131.7,21.144a13.207,13.207,0,0,0-2.035.158V0S118.637,15.166,118.637,34.206Z\" transform=\"translate(-86.145)\" fill=\"#464127\"><\/path><path id=\"Tracciato_86\" data-name=\"Tracciato 86\" d=\"M0,34.206A13.065,13.065,0,1,0,13.065,21.144a13.211,13.211,0,0,0-2.035.158V0S0,15.166,0,34.206Z\" transform=\"translate(0)\" fill=\"#464127\"><\/path><\/g><\/svg>\t\t\t<\/div>\n\t\t<\/div>\n\t\t\t\t<\/div>\n\t\t\t\t<\/div>\n\t\t\t\t<div class=\"elementor-element elementor-element-ec30c4c elementor-widget elementor-widget-heading\" data-id=\"ec30c4c\" data-element_type=\"widget\" data-widget_type=\"heading.default\">\n\t\t\t\t<div class=\"elementor-widget-container\">\n\t\t\t<h2 class=\"elementor-heading-title elementor-size-default\">Sustainability is the focus of our corporate mission<\/h2>\t\t<\/div>\n\t\t\t\t<\/div>\n\t\t\t\t<\/div>\n\t\t\t\t<\/div>\n\t\t<div class=\"elementor-element elementor-element-07c45c3 e-con-full e-flex e-con e-parent\" data-id=\"07c45c3\" data-element_type=\"container\" data-settings=\"{&quot;background_background&quot;:&quot;classic&quot;}\">\n\t\t<div class=\"elementor-element elementor-element-efea783 e-con-full e-flex e-con e-child\" data-id=\"efea783\" data-element_type=\"container\" data-settings=\"{&quot;background_background&quot;:&quot;classic&quot;}\">\n\t\t\t\t<\/div>\n\t\t<div class=\"elementor-element elementor-element-89da5cc e-con-full e-flex e-con e-child\" data-id=\"89da5cc\" data-element_type=\"container\">\n\t\t<div class=\"elementor-element elementor-element-2961ea9 e-con-full e-flex e-con e-child\" data-id=\"2961ea9\" data-element_type=\"container\">\n\t\t\t\t<div class=\"elementor-element elementor-element-88d7e85 elementor-hidden-desktop elementor-hidden-tablet elementor-hidden-mobile elementor-widget elementor-widget-heading\" data-id=\"88d7e85\" data-element_type=\"widget\" data-widget_type=\"heading.default\">\n\t\t\t\t<div class=\"elementor-widget-container\">\n\t\t\t<h2 class=\"elementor-heading-title elementor-size-default\">processing<\/h2>\t\t<\/div>\n\t\t\t\t<\/div>\n\t\t\t\t<div class=\"elementor-element elementor-element-525691e elementor-hidden-desktop elementor-hidden-tablet elementor-hidden-mobile elementor-widget elementor-widget-text-editor\" data-id=\"525691e\" data-element_type=\"widget\" data-widget_type=\"text-editor.default\">\n\t\t\t\t<div class=\"elementor-widget-container\">\n\t\t\t\t\t\t\t<p>Lorem ipsum dolor sit amet, consectetur adipiscing elit, sed do eiusmod tempor incididunt ut labore et dolore magna aliqua. Ut enim ad minim veniam, quis nostrud Lorem ipsum dolor sit amet, consectetur adipiscing elit, sed do eiusmod tempor incididunt ut labore et dolore magna aliqua. Ut enim ad minim veniam, quis nostrud<\/p>\t\t\t\t\t\t<\/div>\n\t\t\t\t<\/div>\n\t\t\t\t<div class=\"elementor-element elementor-element-a5891a5 elementor-widget elementor-widget-heading\" data-id=\"a5891a5\" data-element_type=\"widget\" data-widget_type=\"heading.default\">\n\t\t\t\t<div class=\"elementor-widget-container\">\n\t\t\t<h2 class=\"elementor-heading-title elementor-size-default\">InnovEating\u00ae<\/h2>\t\t<\/div>\n\t\t\t\t<\/div>\n\t\t\t\t<div class=\"elementor-element elementor-element-c25378c elementor-widget elementor-widget-text-editor\" data-id=\"c25378c\" data-element_type=\"widget\" data-widget_type=\"text-editor.default\">\n\t\t\t\t<div class=\"elementor-widget-container\">\n\t\t\t\t\t\t\t<p>We coined the term InnovEating\u00ae to describe the process of processing raw materials, whose waste elements (potato peel, the carapace of a shrimp and more) are reconverted into semi-finished products with different consistencies and textures with the help of the most modern food technology in our lab.<\/p>\t\t\t\t\t\t<\/div>\n\t\t\t\t<\/div>\n\t\t\t\t<\/div>\n\t\t\t\t<\/div>\n\t\t\t\t<\/div>\n\t\t\t\t<\/div>","protected":false},"excerpt":{"rendered":"<p>InnovEating\u00ae Crediamo nell&#8217;economia circolare sfruttando il 99% della materia prima Processo di trasformazione edelaborazione Crediamo nell&#8217;economia circolare sfruttando il 99% della materia prima grazie all&#8217;avanzata tecnologia delle nostre attrezzature che permette di cambiarne le consistenze mantenendo invariate le propriet\u00e0 organolettiche. La sostenibilit\u00e0 \u00e8 il focus della nostra missione aziendale Processo di Innoveating Lorem ipsum dolor [&hellip;]<\/p>","protected":false},"author":1,"featured_media":0,"parent":0,"menu_order":0,"comment_status":"closed","ping_status":"closed","template":"elementor_header_footer","meta":{"footnotes":""},"class_list":["post-1526","page","type-page","status-publish","hentry"],"_links":{"self":[{"href":"https:\/\/molino49.com\/en\/wp-json\/wp\/v2\/pages\/1526","targetHints":{"allow":["GET"]}}],"collection":[{"href":"https:\/\/molino49.com\/en\/wp-json\/wp\/v2\/pages"}],"about":[{"href":"https:\/\/molino49.com\/en\/wp-json\/wp\/v2\/types\/page"}],"author":[{"embeddable":true,"href":"https:\/\/molino49.com\/en\/wp-json\/wp\/v2\/users\/1"}],"replies":[{"embeddable":true,"href":"https:\/\/molino49.com\/en\/wp-json\/wp\/v2\/comments?post=1526"}],"version-history":[{"count":48,"href":"https:\/\/molino49.com\/en\/wp-json\/wp\/v2\/pages\/1526\/revisions"}],"predecessor-version":[{"id":2230,"href":"https:\/\/molino49.com\/en\/wp-json\/wp\/v2\/pages\/1526\/revisions\/2230"}],"wp:attachment":[{"href":"https:\/\/molino49.com\/en\/wp-json\/wp\/v2\/media?parent=1526"}],"curies":[{"name":"wp","href":"https:\/\/api.w.org\/{rel}","templated":true}]}}